{"id":52,"date":"2025-02-15T04:24:23","date_gmt":"2025-02-15T04:24:23","guid":{"rendered":"https:\/\/fs.brandan.ch\/?page_id=52"},"modified":"2026-04-03T07:45:59","modified_gmt":"2026-04-03T07:45:59","slug":"geschaeftsraeume","status":"publish","type":"page","link":"https:\/\/fs.brandan.ch\/index.php\/anwendungsbereiche\/geschaeftsraeume\/","title":{"rendered":"Gesch\u00e4ftsr\u00e4ume"},"content":{"rendered":"<h1><img loading=\"lazy\" decoding=\"async\" class=\"size-full wp-image-38 alignleft\" src=\"https:\/\/fs.brandan.ch\/wp-content\/uploads\/2025\/02\/slider_geschaeft.png\" alt=\"\" width=\"231\" height=\"164\" srcset=\"https:\/\/fs.brandan.ch\/wp-content\/uploads\/2025\/02\/slider_geschaeft.png 231w, https:\/\/fs.brandan.ch\/wp-content\/uploads\/2025\/02\/slider_geschaeft-150x106.png 150w\" sizes=\"auto, (max-width: 231px) 100vw, 231px\" \/>Gesch\u00e4ftsr\u00e4ume<\/h1>\n<p>&nbsp;<\/p>\n<p>Wo kauft man ein oder l\u00e4sst sich beraten ?<\/p>\n<p>Dort wo man sich wohl f\u00fchlt.<\/p>\n<p>&nbsp;<\/p>\n<p>Dieses Wohlf\u00fchlen ist nicht nur von der Einrichtung abh\u00e4ngig, sondern vor allem von der Ausstrahlung, dem Charakter eines Raumes. (<a href=\"https:\/\/fs.brandan.ch\/index.php\/raeume_beeinflussrn\/\">Siehe auch hier<\/a>)\u00a0Die Ausstrahlung von Gesch\u00e4ftsr\u00e4umen wirkt unbewusst auf das Wohlf\u00fchlen von Mitarbeitern und Kunden. Dieses Wohlf\u00fchlen wirkt auf das Arbeitsklima und die Kauflust der Menschen.<\/p>\n<p>&nbsp;<\/p>\n<p>Feng Shui optimiert diese Ausstrahlung und unters\u00fctzt das Wohlf\u00fchlen. Es erleichtert die harmonische Zusammenarbeit und hilft, Reibungsverluste zu vermindern. Das allgemeine Wohlf\u00fchlen kann sich positiv auf die Gesundheit der Mitarbeiter, die Kauflust oder die Verweildauer von Kunden auswirken.<\/p>\n<p>&nbsp;<\/p>\n<p>In meiner Gesch\u00e4ftsleitungs-T\u00e4tigkeit als Leiter Controlling habe ich (Brandan) oft unerkl\u00e4rliche Reibungsverluste feststellen m\u00fcssen. Sie entstanden dadurch dass sich Mitarbeiter und Kunden unbewusst unwohl f\u00fchlten, Spannungen aufbauten und die Abl\u00e4ufe oder die Kommunikation schlechter funktionierten oder die Kauflust oder Verweildauer beeintr\u00e4chtigten. Sie waren meist auf die Ausstrahlung der Gesch\u00e4ftsr\u00e4ume zur\u00fcck zu f\u00fchren, weil sich Mitarbeiter und Kunden unbewusst nicht richtig wohl f\u00fchlten.<\/p>\n<p>&nbsp;<\/p>\n<p>Mit Raum-Akupunktur Feng Shui wird dieses unbewusste Wohlf\u00fchlen optimiert und die Harmonie zwischen den Menschen kann erh\u00f6ht werden. Diese Harmonie wirkt sich positiv auf die Zusammenarbeit und das Kundenverhalten aus.<\/p>\n<p>&nbsp;<\/p>\n<p>&nbsp;<\/p>\n<h5>Beispiel Internet Cafe<\/h5>\n<p>Nach dem Raum-Akupunktur-Feng Shui erh\u00f6hte sich die Verweildauer von einem Tag auf den anderen um 30 %.<\/p>\n<p>&nbsp;<\/p>\n<h5>Beispiel Treuhand\/Steuerberatung<\/h5>\n<p>Das Arbeitsklima wurde viel menschlicher. Die Kunden fassten dadurch mehr Vertrauen und die Weiterempfehlungen stiegen stark an.<\/p>\n","protected":false},"excerpt":{"rendered":"<p>Gesch\u00e4ftsr\u00e4ume &nbsp; Wo kauft man ein oder l\u00e4sst sich beraten ? Dort wo man sich wohl f\u00fchlt. &nbsp; Dieses Wohlf\u00fchlen ist nicht nur von der Einrichtung abh\u00e4ngig, sondern vor allem von der Ausstrahlung, dem Charakter eines Raumes. (Siehe auch hier)\u00a0Die Ausstrahlung von Gesch\u00e4ftsr\u00e4umen wirkt unbewusst auf das Wohlf\u00fchlen von Mitarbeitern&#8230;<\/p>\n<p class=\"continue-reading-button\"> <a class=\"continue-reading-link\" href=\"https:\/\/fs.brandan.ch\/index.php\/anwendungsbereiche\/geschaeftsraeume\/\">Continue reading<i class=\"crycon-right-dir\"><\/i><\/a><\/p>\n","protected":false},"author":1,"featured_media":0,"parent":31,"menu_order":0,"comment_status":"closed","ping_status":"closed","template":"","meta":{"footnotes":""},"class_list":["post-52","page","type-page","status-publish","hentry"],"_links":{"self":[{"href":"https:\/\/fs.brandan.ch\/index.php\/wp-json\/wp\/v2\/pages\/52","targetHints":{"allow":["GET"]}}],"collection":[{"href":"https:\/\/fs.brandan.ch\/index.php\/wp-json\/wp\/v2\/pages"}],"about":[{"href":"https:\/\/fs.brandan.ch\/index.php\/wp-json\/wp\/v2\/types\/page"}],"author":[{"embeddable":true,"href":"https:\/\/fs.brandan.ch\/index.php\/wp-json\/wp\/v2\/users\/1"}],"replies":[{"embeddable":true,"href":"https:\/\/fs.brandan.ch\/index.php\/wp-json\/wp\/v2\/comments?post=52"}],"version-history":[{"count":9,"href":"https:\/\/fs.brandan.ch\/index.php\/wp-json\/wp\/v2\/pages\/52\/revisions"}],"predecessor-version":[{"id":135,"href":"https:\/\/fs.brandan.ch\/index.php\/wp-json\/wp\/v2\/pages\/52\/revisions\/135"}],"up":[{"embeddable":true,"href":"https:\/\/fs.brandan.ch\/index.php\/wp-json\/wp\/v2\/pages\/31"}],"wp:attachment":[{"href":"https:\/\/fs.brandan.ch\/index.php\/wp-json\/wp\/v2\/media?parent=52"}],"curies":[{"name":"wp","href":"https:\/\/api.w.org\/{rel}","templated":true}]}}