{"id":31,"date":"2025-02-14T16:30:42","date_gmt":"2025-02-14T16:30:42","guid":{"rendered":"https:\/\/fs.brandan.ch\/?page_id=31"},"modified":"2025-02-15T16:11:03","modified_gmt":"2025-02-15T16:11:03","slug":"anwendungsbereiche","status":"publish","type":"page","link":"https:\/\/fs.brandan.ch\/index.php\/anwendungsbereiche\/","title":{"rendered":"Anwendungsbereiche"},"content":{"rendered":"<h1>Anwendungsbereiche<\/h1>\n<p>&nbsp;<\/p>\n<p>Die Anwendungsbereiche von Feng Shui sind vielf\u00e4ltig. Eine Auswahl findest du unten stehend.<\/p>\n<p>&nbsp;<\/p>\n<div id=\"flipbox-widget-35\" class=\"cfb_wrapper layout-4 flex-row\" data-flipboxid=\"flipbox-widget-35\" data-bootstrap-status=\"enable\" data-fontawesome-icons=\"enable\"><div class=\"flex-col-md-4 cfb-box-1 cfb-box-wrapper\">\n                                <div class=\"flipbox-container cfb-layout-4 cfb-flip cfb-click\" data-effect=\"x\" data-height=\"equal\">\n                                  <div class=\"flipbox-front-layout cfb-data\">\n                                    <div class=\"flipbox-image-content\">\n                                      <div class=\"flipbox-image-top\"><img decoding=\"async\" src=\"https:\/\/fs.brandan.ch\/wp-content\/uploads\/2025\/02\/slider_raum.png\" alt=\"\" \/><\/div>\n                                      <div class=\"flipbox-img-content\">\n                                        <h5 style=\"color:#001d5e\">Wohnr\u00e4ume<\/h5>\n                                      <\/div>\n                                    <\/div>\n                                    <\/div>\n                                  <div class=\"flipbox-back-layout cfb-data\" style=\"background-color:#001d5e\">\n                                    <p>\"My Home is my castle\". Raumakupunktur st\u00e4rkt die Harmonie, das Wohlf\u00fchlen und Miteinander f\u00fcr die ganze Familie. Die allgemeine Gesundheit wird unterst\u00fctzt. <\/p><a target=\"_blank\" href=\"https:\/\/fs.brandan.ch\/index.php\/anwendungsbereiche\/wohnraeume\/\"  class=\"back-layout-btn\" style=\"color:#001d5e\">Mehr erfahren<\/a><\/div>\n                                <\/div>\n                              <\/div><div class=\"flex-col-md-4 cfb-box-2 cfb-box-wrapper\">\n                                <div class=\"flipbox-container cfb-layout-4 cfb-flip cfb-click\" data-effect=\"x\" data-height=\"equal\">\n                                  <div class=\"flipbox-front-layout cfb-data\">\n                                    <div class=\"flipbox-image-content\">\n                                      <div class=\"flipbox-image-top\"><img decoding=\"async\" src=\"https:\/\/fs.brandan.ch\/wp-content\/uploads\/2025\/02\/slider_geschaeft.png\" alt=\"\" \/><\/div>\n                                      <div class=\"flipbox-img-content\">\n                                        <h5 style=\"color:#001d5e\">Gesch\u00e4ftsr\u00e4ume<\/h5>\n                                      <\/div>\n                                    <\/div>\n                                    <\/div>\n                                  <div class=\"flipbox-back-layout cfb-data\" style=\"background-color:#001d5e\">\n                                    <p>Die Optimierung des unbewussten Wohlf\u00fchlen f\u00f6rdert die Produktivit\u00e4t, das Miteinander und die allgemeine Gesundheit von Mitarbeitern, Die Verweildauer und die Kauflust von Kunden kann damit gef\u00f6dert werden. \r\n\r\n<\/p><a target=\"_blank\" href=\"https:\/\/fs.brandan.ch\/index.php\/anwendungsbereiche\/geschaeftsraeume\/\"  class=\"back-layout-btn\" style=\"color:#001d5e\">Mehr erfahren<\/a><\/div>\n                                <\/div>\n                              <\/div><div class=\"flex-col-md-4 cfb-box-3 cfb-box-wrapper\">\n                                <div class=\"flipbox-container cfb-layout-4 cfb-flip cfb-click\" data-effect=\"x\" data-height=\"equal\">\n                                  <div class=\"flipbox-front-layout cfb-data\">\n                                    <div class=\"flipbox-image-content\">\n                                      <div class=\"flipbox-image-top\"><img decoding=\"async\" src=\"https:\/\/fs.brandan.ch\/wp-content\/uploads\/2026\/04\/slider_praxis.png\" alt=\"\" \/><\/div>\n                                      <div class=\"flipbox-img-content\">\n                                        <h5 style=\"color:#001d5e\">Praxisr\u00e4ume<\/h5>\n                                      <\/div>\n                                    <\/div>\n                                    <\/div>\n                                  <div class=\"flipbox-back-layout cfb-data\" style=\"background-color:#001d5e\">\n                                    <p>Praxisr\u00e4ume werden oft von Menschen mit Schwierigkeiten besucht. Dieser hohe Personenverkehr kann den Energiefluss belassten. Die optimierung hilft, den Fluss zu reinigen und aktivieren.<\/p><a target=\"_blank\" href=\"https:\/\/fs.brandan.ch\/index.php\/praxisraeume\/\"  class=\"back-layout-btn\" style=\"color:#001d5e\">Mehr erfahren<\/a><\/div>\n                                <\/div>\n                              <\/div><\/div>\n","protected":false},"excerpt":{"rendered":"<p>Anwendungsbereiche &nbsp; Die Anwendungsbereiche von Feng Shui sind vielf\u00e4ltig. Eine Auswahl findest du unten stehend. &nbsp;<\/p>\n<p class=\"continue-reading-button\"> <a class=\"continue-reading-link\" href=\"https:\/\/fs.brandan.ch\/index.php\/anwendungsbereiche\/\">Continue reading<i class=\"crycon-right-dir\"><\/i><\/a><\/p>\n","protected":false},"author":1,"featured_media":0,"parent":0,"menu_order":0,"comment_status":"closed","ping_status":"closed","template":"","meta":{"footnotes":""},"class_list":["post-31","page","type-page","status-publish","hentry"],"_links":{"self":[{"href":"https:\/\/fs.brandan.ch\/index.php\/wp-json\/wp\/v2\/pages\/31","targetHints":{"allow":["GET"]}}],"collection":[{"href":"https:\/\/fs.brandan.ch\/index.php\/wp-json\/wp\/v2\/pages"}],"about":[{"href":"https:\/\/fs.brandan.ch\/index.php\/wp-json\/wp\/v2\/types\/page"}],"author":[{"embeddable":true,"href":"https:\/\/fs.brandan.ch\/index.php\/wp-json\/wp\/v2\/users\/1"}],"replies":[{"embeddable":true,"href":"https:\/\/fs.brandan.ch\/index.php\/wp-json\/wp\/v2\/comments?post=31"}],"version-history":[{"count":7,"href":"https:\/\/fs.brandan.ch\/index.php\/wp-json\/wp\/v2\/pages\/31\/revisions"}],"predecessor-version":[{"id":78,"href":"https:\/\/fs.brandan.ch\/index.php\/wp-json\/wp\/v2\/pages\/31\/revisions\/78"}],"wp:attachment":[{"href":"https:\/\/fs.brandan.ch\/index.php\/wp-json\/wp\/v2\/media?parent=31"}],"curies":[{"name":"wp","href":"https:\/\/api.w.org\/{rel}","templated":true}]}}