{"id":24,"date":"2025-02-14T16:26:24","date_gmt":"2025-02-14T16:26:24","guid":{"rendered":"https:\/\/fs.brandan.ch\/?page_id=24"},"modified":"2026-04-06T03:37:14","modified_gmt":"2026-04-06T03:37:14","slug":"startseite","status":"publish","type":"page","link":"https:\/\/fs.brandan.ch\/","title":{"rendered":"startseite"},"content":{"rendered":"<div class=\"entry-content\">\n<h1><img loading=\"lazy\" decoding=\"async\" class=\"size-medium wp-image-96 alignleft\" src=\"https:\/\/fs.brandan.ch\/wp-content\/uploads\/2025\/03\/fs_bild_startseite-300x213.png\" alt=\"\" width=\"300\" height=\"213\" srcset=\"https:\/\/fs.brandan.ch\/wp-content\/uploads\/2025\/03\/fs_bild_startseite-300x213.png 300w, https:\/\/fs.brandan.ch\/wp-content\/uploads\/2025\/03\/fs_bild_startseite-1024x726.png 1024w, https:\/\/fs.brandan.ch\/wp-content\/uploads\/2025\/03\/fs_bild_startseite-768x545.png 768w, https:\/\/fs.brandan.ch\/wp-content\/uploads\/2025\/03\/fs_bild_startseite-1536x1090.png 1536w, https:\/\/fs.brandan.ch\/wp-content\/uploads\/2025\/03\/fs_bild_startseite-150x106.png 150w, https:\/\/fs.brandan.ch\/wp-content\/uploads\/2025\/03\/fs_bild_startseite.png 1748w\" sizes=\"auto, (max-width: 300px) 100vw, 300px\" \/>Feng Shui &#8211; Raum-Akupunktur<\/h1>\n<p>&nbsp;<\/p>\n<h4>Feng Shui ist die uralte Lehre von Energiefl\u00fcssen und ihren Einfl\u00fcssen auf Menschen und Umfeld.<\/h4>\n<p>&nbsp;<\/p>\n<p>&nbsp;<\/p>\n<h4><\/h4>\n<h4>R\u00e4ume beeinflussen Menschen<\/h4>\n<p>In jedem Raum fliesst das Chi (die Lebensenergie) durh verschiedene energetische Bereiche. Sie bilden ein verkn\u00fcpftes Netz aus Energiebahnen und Kraftpl\u00e4tzen die in sich &#8211; wie in einer Matrix &#8211; die sich gegenseitig beeinflussen. Sie bilden den Charakter eines Raumes und beeinflussen die Menschen in ihrem Sein und ihrem Wohlbefinden.<\/p>\n<p>&nbsp;<\/p>\n<p>Ein freier Fluss unterst\u00fctzt die Menschen in ihrem Sein, der Harmonie und das Wohlf\u00fchlen und das allgemeine Wohlbefinden wird unterst\u00fctzt. Oft sind diese Energiefl\u00fcsse durch unterschiedlichste Ursachen behindert. Diese Hindernisse erschweren das Sein und das Wohlf\u00fchlen.<\/p>\n<p>&nbsp;<\/p>\n<p>Raum-Akupunktur Feng Shui bietet eine einfache M\u00f6glichkeit, diese Energiefl\u00fcsse zu optimieren. Dabei werden Hindernisse im Energiefluss gel\u00f6st und der Fluss aktiviert und optimiert. Dabei geht es nicht um die Verschiebung oder das Verr\u00fccken von M\u00f6beln oder Ver\u00e4nderung von anderen Gestaltungen, sondern um eine einmalige und grundlegende Aktivierung und individuelle Optimierung von miteinander verkn\u00fcpften Energiefl\u00fcssen.<\/p>\n<p>&nbsp;<\/p>\n<\/div>\n<p>Durch die Reinigung und Aktivierung werden die Bewohner in ihrem Wohlf\u00fchlen, ihrer Harmonie und der allgemeinen Gesundheit unterst\u00fctzt. Der innere Fluss und die Erholung kann durch die Fl\u00fcsse in den R\u00e4umen verst\u00e4rkt werden.<\/p>\n<p>&nbsp;<\/p>\n<div id=\"flipbox-widget-35\" class=\"cfb_wrapper layout-4 flex-row\" data-flipboxid=\"flipbox-widget-35\" data-bootstrap-status=\"enable\" data-fontawesome-icons=\"enable\"><div class=\"flex-col-md-4 cfb-box-1 cfb-box-wrapper\">\n                                <div class=\"flipbox-container cfb-layout-4 cfb-flip cfb-click\" data-effect=\"x\" data-height=\"equal\">\n                                  <div class=\"flipbox-front-layout cfb-data\">\n                                    <div class=\"flipbox-image-content\">\n                                      <div class=\"flipbox-image-top\"><img decoding=\"async\" src=\"https:\/\/fs.brandan.ch\/wp-content\/uploads\/2025\/02\/slider_raum.png\" alt=\"\" \/><\/div>\n                                      <div class=\"flipbox-img-content\">\n                                        <h5 style=\"color:#001d5e\">Wohnr\u00e4ume<\/h5>\n                                      <\/div>\n                                    <\/div>\n                                    <\/div>\n                                  <div class=\"flipbox-back-layout cfb-data\" style=\"background-color:#001d5e\">\n                                    <p>\"My Home is my castle\". Raumakupunktur st\u00e4rkt die Harmonie, das Wohlf\u00fchlen und Miteinander f\u00fcr die ganze Familie. Die allgemeine Gesundheit wird unterst\u00fctzt. <\/p><a target=\"_blank\" href=\"https:\/\/fs.brandan.ch\/index.php\/anwendungsbereiche\/wohnraeume\/\"  class=\"back-layout-btn\" style=\"color:#001d5e\">Mehr erfahren<\/a><\/div>\n                                <\/div>\n                              <\/div><div class=\"flex-col-md-4 cfb-box-2 cfb-box-wrapper\">\n                                <div class=\"flipbox-container cfb-layout-4 cfb-flip cfb-click\" data-effect=\"x\" data-height=\"equal\">\n                                  <div class=\"flipbox-front-layout cfb-data\">\n                                    <div class=\"flipbox-image-content\">\n                                      <div class=\"flipbox-image-top\"><img decoding=\"async\" src=\"https:\/\/fs.brandan.ch\/wp-content\/uploads\/2025\/02\/slider_geschaeft.png\" alt=\"\" \/><\/div>\n                                      <div class=\"flipbox-img-content\">\n                                        <h5 style=\"color:#001d5e\">Gesch\u00e4ftsr\u00e4ume<\/h5>\n                                      <\/div>\n                                    <\/div>\n                                    <\/div>\n                                  <div class=\"flipbox-back-layout cfb-data\" style=\"background-color:#001d5e\">\n                                    <p>Die Optimierung des unbewussten Wohlf\u00fchlen f\u00f6rdert die Produktivit\u00e4t, das Miteinander und die allgemeine Gesundheit von Mitarbeitern, Die Verweildauer und die Kauflust von Kunden kann damit gef\u00f6dert werden. \r\n\r\n<\/p><a target=\"_blank\" href=\"https:\/\/fs.brandan.ch\/index.php\/anwendungsbereiche\/geschaeftsraeume\/\"  class=\"back-layout-btn\" style=\"color:#001d5e\">Mehr erfahren<\/a><\/div>\n                                <\/div>\n                              <\/div><div class=\"flex-col-md-4 cfb-box-3 cfb-box-wrapper\">\n                                <div class=\"flipbox-container cfb-layout-4 cfb-flip cfb-click\" data-effect=\"x\" data-height=\"equal\">\n                                  <div class=\"flipbox-front-layout cfb-data\">\n                                    <div class=\"flipbox-image-content\">\n                                      <div class=\"flipbox-image-top\"><img decoding=\"async\" src=\"https:\/\/fs.brandan.ch\/wp-content\/uploads\/2026\/04\/slider_praxis.png\" alt=\"\" \/><\/div>\n                                      <div class=\"flipbox-img-content\">\n                                        <h5 style=\"color:#001d5e\">Praxisr\u00e4ume<\/h5>\n                                      <\/div>\n                                    <\/div>\n                                    <\/div>\n                                  <div class=\"flipbox-back-layout cfb-data\" style=\"background-color:#001d5e\">\n                                    <p>Praxisr\u00e4ume werden oft von Menschen mit Schwierigkeiten besucht. Dieser hohe Personenverkehr kann den Energiefluss belassten. Die optimierung hilft, den Fluss zu reinigen und aktivieren.<\/p><a target=\"_blank\" href=\"https:\/\/fs.brandan.ch\/index.php\/praxisraeume\/\"  class=\"back-layout-btn\" style=\"color:#001d5e\">Mehr erfahren<\/a><\/div>\n                                <\/div>\n                              <\/div><\/div>\n","protected":false},"excerpt":{"rendered":"<p>Feng Shui &#8211; Raum-Akupunktur &nbsp; Feng Shui ist die uralte Lehre von Energiefl\u00fcssen und ihren Einfl\u00fcssen auf Menschen und Umfeld. &nbsp; &nbsp; R\u00e4ume beeinflussen Menschen In jedem Raum fliesst das Chi (die Lebensenergie) durh verschiedene energetische Bereiche. Sie bilden ein verkn\u00fcpftes Netz aus Energiebahnen und Kraftpl\u00e4tzen die in sich &#8211;&#8230;<\/p>\n<p class=\"continue-reading-button\"> <a class=\"continue-reading-link\" href=\"https:\/\/fs.brandan.ch\/\">Continue reading<i class=\"crycon-right-dir\"><\/i><\/a><\/p>\n","protected":false},"author":1,"featured_media":0,"parent":0,"menu_order":0,"comment_status":"closed","ping_status":"closed","template":"","meta":{"footnotes":""},"class_list":["post-24","page","type-page","status-publish","hentry"],"_links":{"self":[{"href":"https:\/\/fs.brandan.ch\/index.php\/wp-json\/wp\/v2\/pages\/24","targetHints":{"allow":["GET"]}}],"collection":[{"href":"https:\/\/fs.brandan.ch\/index.php\/wp-json\/wp\/v2\/pages"}],"about":[{"href":"https:\/\/fs.brandan.ch\/index.php\/wp-json\/wp\/v2\/types\/page"}],"author":[{"embeddable":true,"href":"https:\/\/fs.brandan.ch\/index.php\/wp-json\/wp\/v2\/users\/1"}],"replies":[{"embeddable":true,"href":"https:\/\/fs.brandan.ch\/index.php\/wp-json\/wp\/v2\/comments?post=24"}],"version-history":[{"count":20,"href":"https:\/\/fs.brandan.ch\/index.php\/wp-json\/wp\/v2\/pages\/24\/revisions"}],"predecessor-version":[{"id":144,"href":"https:\/\/fs.brandan.ch\/index.php\/wp-json\/wp\/v2\/pages\/24\/revisions\/144"}],"wp:attachment":[{"href":"https:\/\/fs.brandan.ch\/index.php\/wp-json\/wp\/v2\/media?parent=24"}],"curies":[{"name":"wp","href":"https:\/\/api.w.org\/{rel}","templated":true}]}}