{"id":125,"date":"2026-04-03T05:05:38","date_gmt":"2026-04-03T05:05:38","guid":{"rendered":"https:\/\/fs.brandan.ch\/?page_id=125"},"modified":"2026-04-06T04:06:57","modified_gmt":"2026-04-06T04:06:57","slug":"raeume_beeinflussrn","status":"publish","type":"page","link":"https:\/\/fs.brandan.ch\/index.php\/raeume_beeinflussrn\/","title":{"rendered":"R\u00e4ume_beeinflussrn"},"content":{"rendered":"<h1><img loading=\"lazy\" decoding=\"async\" class=\" wp-image-96 alignleft\" src=\"https:\/\/fs.brandan.ch\/wp-content\/uploads\/2025\/03\/fs_bild_startseite-300x213.png\" alt=\"\" width=\"137\" height=\"97\" srcset=\"https:\/\/fs.brandan.ch\/wp-content\/uploads\/2025\/03\/fs_bild_startseite-300x213.png 300w, https:\/\/fs.brandan.ch\/wp-content\/uploads\/2025\/03\/fs_bild_startseite-1024x726.png 1024w, https:\/\/fs.brandan.ch\/wp-content\/uploads\/2025\/03\/fs_bild_startseite-768x545.png 768w, https:\/\/fs.brandan.ch\/wp-content\/uploads\/2025\/03\/fs_bild_startseite-1536x1090.png 1536w, https:\/\/fs.brandan.ch\/wp-content\/uploads\/2025\/03\/fs_bild_startseite-150x106.png 150w, https:\/\/fs.brandan.ch\/wp-content\/uploads\/2025\/03\/fs_bild_startseite.png 1748w\" sizes=\"auto, (max-width: 137px) 100vw, 137px\" \/><\/h1>\n<h1>R\u00e4ume beeinflussen Menschen<\/h1>\n<p>&nbsp;<\/p>\n<p>Der f\u00fchlbare Charakter eines Raumes beeinflusst Menschen in ihren Sein und Wohlbefinden. Dieser Charakter entsteht durch den Fluss des Chi und ist unabh\u00e4ngig von der Einrichtung. Oft hat man erlebt, dass man irgendwo hin geht und denkt &#8222;Ohh, wo bin ich denn hier gelandet, ich m\u00f6chte grad wieder gehen, ich f\u00fchle mich hier so komisch&#8220; oder &#8222;Oh, hier bleibe ich. weil ich mich so wohl f\u00fchle&#8220;. Diese Gef\u00fchlslage entsteht durch die Wirkung des Charakers eines Raumes.<\/p>\n<p>&nbsp;<\/p>\n<p>Ueberall leben Mennschen miteinander, sei es in Familien, bei der Arbeit oder vielem mehr. In einem Raum der Entspanntheit, gl\u00fccklich sein oder wohlf\u00fchlen f\u00f6rdert ist es wesentlich einfacher miteinander auszukommen. Diskussionen werden entspannter, menschlicher und toleranter und es f\u00e4llt einfacher, L\u00f6sungen bei Herausforderungen zu finden. Das gilt sowohl f\u00fcr Wohnr\u00e4ume, Gewerbsr\u00e4ume oder Praxisr\u00e4ume.<\/p>\n<p>&nbsp;<\/p>\n<p>Verschiedene Gr\u00fcnde k\u00f6nnen dazu f\u00fchren, dass der Fluss des Chi nicht optimal zu den Bewohnern und dem Zweck passt. Die bisherige Verwendung von R\u00e4umen oder Vorf\u00e4lle speichern sich oft im Raum-Charakter und wirken weiter. Diese ver\u00e4ndern oder l\u00f6sen sich oft nur sehr tr\u00e4ge. Dies kann dazu f\u00fchren, dass die neuen Benutzer &#8211; meist unbewusst &#8211; damit konfrontiert werden und das Wohlf\u00fchlen beeintr\u00e4chtigt wird.<\/p>\n<p>&nbsp;<\/p>\n<h4>Umnutzung<\/h4>\n<p>&nbsp;<\/p>\n<p>Eine Umnutzung liegt vor, wenn R\u00e4ume f\u00fcr einem neuen Zweck verwendet werden. Der h\u00e4ufigste Fall von Umnutzung sind Mieterwechsel in Wohnungen. Oft werden auch R\u00e4ume einem neuen Zweck zugef\u00fchrt, zum Beispiel wenn aus ehemaligen Industriebauten Wohnr\u00e4ume (Lofts) erstellt werden. Die Liste von Umnutzungen kann endlos weiter gef\u00fchrt werden.<\/p>\n<p>&nbsp;<\/p>\n<p>Beispiele:<\/p>\n<p>Eine Klientin sagte mir &#8222;Vor der Raum-Akupunktur habe ich mich gef\u00fchlt wie im Smog einer Grosstadt. Nacher wie in der klaren Bergluft, mit viel Entspanntheit und Weitsicht&#8220;.<\/p>\n<p>&nbsp;<\/p>\n<h4>Spezielle Vorkommnisse<\/h4>\n<p>Spezielle Vorf\u00e4lle liegen normalerweise in der Vergangenheit, beeinflussen aber heute noch den Charakter eines Raumes, da sie sich nur sehr tr\u00e4ge l\u00f6sen. Es k\u00f6nnen Krankheit, Unf\u00e4lle, Streiterein beim Au oder viele mehr sein. Oft sind sie auch nicht mehr eruierbar, sondern man f\u00fchlt sich in diesen R\u00e4umen einfach &#8222;komisch&#8220;.<\/p>\n<p>Beispiel:<\/p>\n<p>Ein Auftrag f\u00fcr Raum-Akupunktur f\u00fchrte mich in ein Einfamilienhaus mit einem Raum mit einem Vorfall. Der Raum war als Spielzimmer f\u00fcr die Kinder gedacht, wurde jedoch von allen gemieden, weil sich darin alle unwohl f\u00fchlten. Nach der Raum-Akupunktur konnte der Raum normal wie angedacht benutzt werden.<\/p>\n<p>&nbsp;<\/p>\n","protected":false},"excerpt":{"rendered":"<p>R\u00e4ume beeinflussen Menschen &nbsp; Der f\u00fchlbare Charakter eines Raumes beeinflusst Menschen in ihren Sein und Wohlbefinden. Dieser Charakter entsteht durch den Fluss des Chi und ist unabh\u00e4ngig von der Einrichtung. Oft hat man erlebt, dass man irgendwo hin geht und denkt &#8222;Ohh, wo bin ich denn hier gelandet, ich m\u00f6chte&#8230;<\/p>\n<p class=\"continue-reading-button\"> <a class=\"continue-reading-link\" href=\"https:\/\/fs.brandan.ch\/index.php\/raeume_beeinflussrn\/\">Continue reading<i class=\"crycon-right-dir\"><\/i><\/a><\/p>\n","protected":false},"author":1,"featured_media":0,"parent":0,"menu_order":0,"comment_status":"closed","ping_status":"closed","template":"","meta":{"footnotes":""},"class_list":["post-125","page","type-page","status-publish","hentry"],"_links":{"self":[{"href":"https:\/\/fs.brandan.ch\/index.php\/wp-json\/wp\/v2\/pages\/125","targetHints":{"allow":["GET"]}}],"collection":[{"href":"https:\/\/fs.brandan.ch\/index.php\/wp-json\/wp\/v2\/pages"}],"about":[{"href":"https:\/\/fs.brandan.ch\/index.php\/wp-json\/wp\/v2\/types\/page"}],"author":[{"embeddable":true,"href":"https:\/\/fs.brandan.ch\/index.php\/wp-json\/wp\/v2\/users\/1"}],"replies":[{"embeddable":true,"href":"https:\/\/fs.brandan.ch\/index.php\/wp-json\/wp\/v2\/comments?post=125"}],"version-history":[{"count":15,"href":"https:\/\/fs.brandan.ch\/index.php\/wp-json\/wp\/v2\/pages\/125\/revisions"}],"predecessor-version":[{"id":148,"href":"https:\/\/fs.brandan.ch\/index.php\/wp-json\/wp\/v2\/pages\/125\/revisions\/148"}],"wp:attachment":[{"href":"https:\/\/fs.brandan.ch\/index.php\/wp-json\/wp\/v2\/media?parent=125"}],"curies":[{"name":"wp","href":"https:\/\/api.w.org\/{rel}","templated":true}]}}