{"id":109,"date":"2026-04-01T07:52:25","date_gmt":"2026-04-01T07:52:25","guid":{"rendered":"https:\/\/fs.brandan.ch\/?page_id=109"},"modified":"2026-04-03T05:20:54","modified_gmt":"2026-04-03T05:20:54","slug":"praxisraeume","status":"publish","type":"page","link":"https:\/\/fs.brandan.ch\/index.php\/praxisraeume\/","title":{"rendered":"Praxisr\u00e4ume"},"content":{"rendered":"<h1><img loading=\"lazy\" decoding=\"async\" class=\" wp-image-122 alignleft\" src=\"https:\/\/fs.brandan.ch\/wp-content\/uploads\/2026\/04\/slider_praxis.png\" alt=\"\" width=\"201\" height=\"143\" srcset=\"https:\/\/fs.brandan.ch\/wp-content\/uploads\/2026\/04\/slider_praxis.png 231w, https:\/\/fs.brandan.ch\/wp-content\/uploads\/2026\/04\/slider_praxis-150x106.png 150w\" sizes=\"auto, (max-width: 201px) 100vw, 201px\" \/>Praxisr\u00e4ume<\/h1>\n<p>&nbsp;<\/p>\n<p>R\u00e4ume beeinflussen Menschen &#8211; <a href=\"https:\/\/fs.brandan.ch\/index.php\/raeume_beeinflussrn\/\">Details sind hier.<\/a><\/p>\n<p>&nbsp;<\/p>\n<p>Meistens besuchen mit Schwierigkeiten eine Praxis. Sie bringen ihre Gef\u00fchle (\u00c4ngste, Unsicherheiten und vieles mehr) mit. Oft lassen sie ihren Gef\u00fchlen freien Lauf. Dieser hohe Personenverkehr kann die Energiefl\u00fcsse belasten und man sp\u00fcrt, dass man in einer Praxis ist.<\/p>\n<p>&nbsp;<\/p>\n<p>Raum-Akupunktur bietet eine einfache M\u00f6glichkeit, solche Einfl\u00fcsse zu l\u00f6sen und die Energiefl\u00fcsse zu optimieren. Diese Optimierung kann die Betreuung von Menschen erleichtern und unterst\u00fctzen.<\/p>\n<p>&nbsp;<\/p>\n<h5>Feedback einer \u00c4rztin<\/h5>\n<p>Nach der Raum-Akupunktur war es mit m\u00f6glich, schnellere und genauere Diagnosen bei Klienten zu stellen. Das Arbeitsklima hat sich verbessert und die Klienten f\u00fchlten sich wohler in den der Praxis.<\/p>\n<p>&nbsp;<\/p>\n<p>&nbsp;<\/p>\n","protected":false},"excerpt":{"rendered":"<p>Praxisr\u00e4ume &nbsp; R\u00e4ume beeinflussen Menschen &#8211; Details sind hier. &nbsp; Meistens besuchen mit Schwierigkeiten eine Praxis. Sie bringen ihre Gef\u00fchle (\u00c4ngste, Unsicherheiten und vieles mehr) mit. Oft lassen sie ihren Gef\u00fchlen freien Lauf. Dieser hohe Personenverkehr kann die Energiefl\u00fcsse belasten und man sp\u00fcrt, dass man in einer Praxis ist. &nbsp;&#8230;<\/p>\n<p class=\"continue-reading-button\"> <a class=\"continue-reading-link\" href=\"https:\/\/fs.brandan.ch\/index.php\/praxisraeume\/\">Continue reading<i class=\"crycon-right-dir\"><\/i><\/a><\/p>\n","protected":false},"author":1,"featured_media":0,"parent":0,"menu_order":0,"comment_status":"closed","ping_status":"closed","template":"","meta":{"footnotes":""},"class_list":["post-109","page","type-page","status-publish","hentry"],"_links":{"self":[{"href":"https:\/\/fs.brandan.ch\/index.php\/wp-json\/wp\/v2\/pages\/109","targetHints":{"allow":["GET"]}}],"collection":[{"href":"https:\/\/fs.brandan.ch\/index.php\/wp-json\/wp\/v2\/pages"}],"about":[{"href":"https:\/\/fs.brandan.ch\/index.php\/wp-json\/wp\/v2\/types\/page"}],"author":[{"embeddable":true,"href":"https:\/\/fs.brandan.ch\/index.php\/wp-json\/wp\/v2\/users\/1"}],"replies":[{"embeddable":true,"href":"https:\/\/fs.brandan.ch\/index.php\/wp-json\/wp\/v2\/comments?post=109"}],"version-history":[{"count":10,"href":"https:\/\/fs.brandan.ch\/index.php\/wp-json\/wp\/v2\/pages\/109\/revisions"}],"predecessor-version":[{"id":132,"href":"https:\/\/fs.brandan.ch\/index.php\/wp-json\/wp\/v2\/pages\/109\/revisions\/132"}],"wp:attachment":[{"href":"https:\/\/fs.brandan.ch\/index.php\/wp-json\/wp\/v2\/media?parent=109"}],"curies":[{"name":"wp","href":"https:\/\/api.w.org\/{rel}","templated":true}]}}